{"id":10021,"date":"2026-04-15T14:03:33","date_gmt":"2026-04-15T12:03:33","guid":{"rendered":"https:\/\/salinello.beesoft.it\/angebote\/"},"modified":"2026-04-28T11:25:15","modified_gmt":"2026-04-28T09:25:15","slug":"angebote","status":"publish","type":"page","link":"https:\/\/salinello.beesoft.it\/de\/angebote\/","title":{"rendered":"Angebote"},"content":{"rendered":"\t\t<div data-elementor-type=\"wp-page\" data-elementor-id=\"10021\" class=\"elementor elementor-10021 elementor-217\" data-elementor-post-type=\"page\">\n\t\t\t\t<div class=\"elementor-element elementor-element-04a5d4d e-con-full e-flex e-con e-parent\" data-id=\"04a5d4d\" data-element_type=\"container\" data-e-type=\"container\">\n\t\t\t\t<div class=\"elementor-element elementor-element-d8e4cff elementor-widget__width-inherit elementor-widget elementor-widget-template\" data-id=\"d8e4cff\" data-element_type=\"widget\" data-e-type=\"widget\" data-widget_type=\"template.default\">\n\t\t\t\t<div class=\"elementor-widget-container\">\n\t\t\t\t\t\t\t<div class=\"elementor-template\">\n\t\t\t\t\t<div data-elementor-type=\"container\" data-elementor-id=\"9936\" class=\"elementor elementor-9936 elementor-8072 elementor-8072\" data-elementor-post-type=\"elementor_library\">\n\t\t\t\t<div class=\"elementor-element elementor-element-bbff4a2 e-con-full e-flex e-con e-parent\" data-id=\"bbff4a2\" data-element_type=\"container\" data-e-type=\"container\" data-settings=\"{&quot;background_background&quot;:&quot;classic&quot;}\">\n\t\t\t\t<div class=\"elementor-element elementor-element-dad9a05 elementor-view-default elementor-widget elementor-widget-icon\" data-id=\"dad9a05\" data-element_type=\"widget\" data-e-type=\"widget\" data-widget_type=\"icon.default\">\n\t\t\t\t<div class=\"elementor-widget-container\">\n\t\t\t\t\t\t\t<div class=\"elementor-icon-wrapper\">\n\t\t\t<a class=\"elementor-icon\" href=\"#elementor-action%3Aaction%3Dpopup%3Aopen%26settings%3DeyJpZCI6OTkzNCwidG9nZ2xlIjpmYWxzZX0%3D\">\n\t\t\t<svg aria-hidden=\"true\" class=\"e-font-icon-svg e-fas-bars\" viewBox=\"0 0 448 512\" xmlns=\"http:\/\/www.w3.org\/2000\/svg\"><path d=\"M16 132h416c8.837 0 16-7.163 16-16V76c0-8.837-7.163-16-16-16H16C7.163 60 0 67.163 0 76v40c0 8.837 7.163 16 16 16zm0 160h416c8.837 0 16-7.163 16-16v-40c0-8.837-7.163-16-16-16H16c-8.837 0-16 7.163-16 16v40c0 8.837 7.163 16 16 16zm0 160h416c8.837 0 16-7.163 16-16v-40c0-8.837-7.163-16-16-16H16c-8.837 0-16 7.163-16 16v40c0 8.837 7.163 16 16 16z\"><\/path><\/svg>\t\t\t<\/a>\n\t\t<\/div>\n\t\t\t\t\t\t<\/div>\n\t\t\t\t<\/div>\n\t\t\t\t<div class=\"elementor-element elementor-element-98add20 elementor-nav-menu--dropdown-none elementor-nav-menu__align-end elementor-widget elementor-widget-nav-menu\" data-id=\"98add20\" data-element_type=\"widget\" data-e-type=\"widget\" data-settings=\"{&quot;layout&quot;:&quot;horizontal&quot;,&quot;submenu_icon&quot;:{&quot;value&quot;:&quot;&lt;svg aria-hidden=\\&quot;true\\&quot; class=\\&quot;e-font-icon-svg e-fas-caret-down\\&quot; viewBox=\\&quot;0 0 320 512\\&quot; xmlns=\\&quot;http:\\\/\\\/www.w3.org\\\/2000\\\/svg\\&quot;&gt;&lt;path d=\\&quot;M31.3 192h257.3c17.8 0 26.7 21.5 14.1 34.1L174.1 354.8c-7.8 7.8-20.5 7.8-28.3 0L17.2 226.1C4.6 213.5 13.5 192 31.3 192z\\&quot;&gt;&lt;\\\/path&gt;&lt;\\\/svg&gt;&quot;,&quot;library&quot;:&quot;fa-solid&quot;}}\" data-widget_type=\"nav-menu.default\">\n\t\t\t\t<div class=\"elementor-widget-container\">\n\t\t\t\t\t\t\t\t<nav aria-label=\"Menu Lingue\" class=\"elementor-nav-menu--main elementor-nav-menu__container elementor-nav-menu--layout-horizontal e--pointer-none\">\n\t\t\t\t<ul id=\"menu-1-98add20\" class=\"elementor-nav-menu\"><li class=\"menu-item wpml-ls-slot-67 wpml-ls-item wpml-ls-item-de wpml-ls-current-language wpml-ls-menu-item wpml-ls-last-item menu-item-type-wpml_ls_menu_item menu-item-object-wpml_ls_menu_item menu-item-has-children menu-item-wpml-ls-67-de\"><a href=\"https:\/\/salinello.beesoft.it\/de\/\" aria-current=\"page\" aria-expanded=\"false\" aria-controls=\"wpml-ls-submenu-wpml-ls-67-de\" class=\"elementor-item\"><span class=\"wpml-ls-native\" lang=\"de\">DE<\/span><\/a>\n<ul class=\"sub-menu elementor-nav-menu--dropdown\">\n\t<li class=\"menu-item wpml-ls-slot-67 wpml-ls-item wpml-ls-item-it wpml-ls-menu-item wpml-ls-first-item menu-item-type-wpml_ls_menu_item menu-item-object-wpml_ls_menu_item menu-item-wpml-ls-67-it\"><a href=\"https:\/\/salinello.beesoft.it\/\" title=\"Wechseln zu IT\" aria-label=\"Wechseln zu IT\" class=\"elementor-sub-item\"><span class=\"wpml-ls-native\" lang=\"it\">IT<\/span><\/a><\/li>\n\t<li class=\"menu-item wpml-ls-slot-67 wpml-ls-item wpml-ls-item-en wpml-ls-menu-item menu-item-type-wpml_ls_menu_item menu-item-object-wpml_ls_menu_item menu-item-wpml-ls-67-en\"><a href=\"https:\/\/salinello.beesoft.it\/en\/\" title=\"Wechseln zu EN\" aria-label=\"Wechseln zu EN\" class=\"elementor-sub-item\"><span class=\"wpml-ls-native\" lang=\"en\">EN<\/span><\/a><\/li>\n<\/ul>\n<\/li>\n<\/ul>\t\t\t<\/nav>\n\t\t\t\t\t\t<nav class=\"elementor-nav-menu--dropdown elementor-nav-menu__container\" aria-hidden=\"true\">\n\t\t\t\t<ul id=\"menu-2-98add20\" class=\"elementor-nav-menu\"><li class=\"menu-item wpml-ls-slot-67 wpml-ls-item wpml-ls-item-de wpml-ls-current-language wpml-ls-menu-item wpml-ls-last-item menu-item-type-wpml_ls_menu_item menu-item-object-wpml_ls_menu_item menu-item-has-children menu-item-wpml-ls-67-de\"><a href=\"https:\/\/salinello.beesoft.it\/de\/\" aria-current=\"page\" aria-expanded=\"false\" aria-controls=\"wpml-ls-submenu-wpml-ls-67-de\" class=\"elementor-item\" tabindex=\"-1\"><span class=\"wpml-ls-native\" lang=\"de\">DE<\/span><\/a>\n<ul class=\"sub-menu elementor-nav-menu--dropdown\">\n\t<li class=\"menu-item wpml-ls-slot-67 wpml-ls-item wpml-ls-item-it wpml-ls-menu-item wpml-ls-first-item menu-item-type-wpml_ls_menu_item menu-item-object-wpml_ls_menu_item menu-item-wpml-ls-67-it\"><a href=\"https:\/\/salinello.beesoft.it\/\" title=\"Wechseln zu IT\" aria-label=\"Wechseln zu IT\" class=\"elementor-sub-item\" tabindex=\"-1\"><span class=\"wpml-ls-native\" lang=\"it\">IT<\/span><\/a><\/li>\n\t<li class=\"menu-item wpml-ls-slot-67 wpml-ls-item wpml-ls-item-en wpml-ls-menu-item menu-item-type-wpml_ls_menu_item menu-item-object-wpml_ls_menu_item menu-item-wpml-ls-67-en\"><a href=\"https:\/\/salinello.beesoft.it\/en\/\" title=\"Wechseln zu EN\" aria-label=\"Wechseln zu EN\" class=\"elementor-sub-item\" tabindex=\"-1\"><span class=\"wpml-ls-native\" lang=\"en\">EN<\/span><\/a><\/li>\n<\/ul>\n<\/li>\n<\/ul>\t\t\t<\/nav>\n\t\t\t\t\t\t<\/div>\n\t\t\t\t<\/div>\n\t\t\t\t<\/div>\n\t\t\t\t<\/div>\n\t\t\t\t<\/div>\n\t\t\t\t\t\t<\/div>\n\t\t\t\t<\/div>\n\t\t\t\t<\/div>\n\t\t<div class=\"elementor-element elementor-element-c65fad0 e-flex e-con-boxed e-con e-parent\" data-id=\"c65fad0\" data-element_type=\"container\" data-e-type=\"container\" data-settings=\"{&quot;background_background&quot;:&quot;classic&quot;}\">\n\t\t\t\t\t<div class=\"e-con-inner\">\n\t\t\t\t<div class=\"elementor-element elementor-element-06739d1 elementor-widget elementor-widget-heading\" data-id=\"06739d1\" data-element_type=\"widget\" data-e-type=\"widget\" data-widget_type=\"heading.default\">\n\t\t\t\t<div class=\"elementor-widget-container\">\n\t\t\t\t\t<div class=\"elementor-heading-title elementor-size-default\">Angebote<\/div>\t\t\t\t<\/div>\n\t\t\t\t<\/div>\n\t\t\t\t<div class=\"elementor-element elementor-element-662a154 elementor-widget elementor-widget-heading\" data-id=\"662a154\" data-element_type=\"widget\" data-e-type=\"widget\" data-widget_type=\"heading.default\">\n\t\t\t\t<div class=\"elementor-widget-container\">\n\t\t\t\t\t<h2 class=\"elementor-heading-title elementor-size-default\">Alle unsere Angebote speziell <br> f\u00fcr Sie zusammengestellt<\/h2>\t\t\t\t<\/div>\n\t\t\t\t<\/div>\n\t\t<div class=\"elementor-element elementor-element-7f84263 e-con-full elementor-hidden-desktop elementor-hidden-tablet elementor-hidden-mobile e-flex e-con e-child\" data-id=\"7f84263\" data-element_type=\"container\" data-e-type=\"container\">\n\t\t\t\t<div class=\"elementor-element elementor-element-44f8ceb elementor-widget elementor-widget-button\" data-id=\"44f8ceb\" data-element_type=\"widget\" data-e-type=\"widget\" data-widget_type=\"button.default\">\n\t\t\t\t<div class=\"elementor-widget-container\">\n\t\t\t\t\t\t\t\t\t<div class=\"elementor-button-wrapper\">\n\t\t\t\t\t<a class=\"elementor-button elementor-button-link elementor-size-sm\" href=\"#\">\n\t\t\t\t\t\t<span class=\"elementor-button-content-wrapper\">\n\t\t\t\t\t\t\t\t\t<span class=\"elementor-button-text\">Buch<\/span>\n\t\t\t\t\t<\/span>\n\t\t\t\t\t<\/a>\n\t\t\t\t<\/div>\n\t\t\t\t\t\t\t\t<\/div>\n\t\t\t\t<\/div>\n\t\t\t\t<div class=\"elementor-element elementor-element-a460893 elementor-widget elementor-widget-button\" data-id=\"a460893\" data-element_type=\"widget\" data-e-type=\"widget\" data-widget_type=\"button.default\">\n\t\t\t\t<div class=\"elementor-widget-container\">\n\t\t\t\t\t\t\t\t\t<div class=\"elementor-button-wrapper\">\n\t\t\t\t\t<a class=\"elementor-button elementor-button-link elementor-size-sm\" href=\"#\">\n\t\t\t\t\t\t<span class=\"elementor-button-content-wrapper\">\n\t\t\t\t\t\t\t\t\t<span class=\"elementor-button-text\">Anfrage<\/span>\n\t\t\t\t\t<\/span>\n\t\t\t\t\t<\/a>\n\t\t\t\t<\/div>\n\t\t\t\t\t\t\t\t<\/div>\n\t\t\t\t<\/div>\n\t\t\t\t<\/div>\n\t\t\t\t\t<\/div>\n\t\t\t\t<\/div>\n\t\t<div class=\"elementor-element elementor-element-033c8f3 e-flex e-con-boxed e-con e-parent\" data-id=\"033c8f3\" data-element_type=\"container\" data-e-type=\"container\">\n\t\t\t\t\t<div class=\"e-con-inner\">\n\t\t\t\t<div class=\"elementor-element elementor-element-631d5eb elementor-widget elementor-widget-heading\" data-id=\"631d5eb\" data-element_type=\"widget\" data-e-type=\"widget\" data-widget_type=\"heading.default\">\n\t\t\t\t<div class=\"elementor-widget-container\">\n\t\t\t\t\t<h2 class=\"elementor-heading-title elementor-size-default\">Nur f\u00fcr Online-Buchungen<\/h2>\t\t\t\t<\/div>\n\t\t\t\t<\/div>\n\t\t\t\t<div class=\"elementor-element elementor-element-8531afc elementor-widget__width-initial elementor-widget elementor-widget-text-editor\" data-id=\"8531afc\" data-element_type=\"widget\" data-e-type=\"widget\" data-widget_type=\"text-editor.default\">\n\t\t\t\t<div class=\"elementor-widget-container\">\n\t\t\t\t\t\t\t\t\t<p>Exklusiv: Pakete, Aktionen und Sonderangebote!<\/p>\n\t\t\t\t\t\t\t\t<\/div>\n\t\t\t\t<\/div>\n\t\t\t\t<div class=\"elementor-element elementor-element-6720750 elementor-widget elementor-widget-text-editor\" data-id=\"6720750\" data-element_type=\"widget\" data-e-type=\"widget\" data-widget_type=\"text-editor.default\">\n\t\t\t\t<div class=\"elementor-widget-container\">\n\t\t\t\t\t\t\t\t\t<p>Entdecken Sie unsere Angebote, die Ihnen die optimale Balance zwischen Qualit\u00e4t und Komfort bieten. Spezielle Pakete, saisonale Aktionen und exklusive Vorteile erm\u00f6glichen Ihnen einen noch entspannteren Aufenthalt im Salinello Village. W\u00e4hlen Sie die L\u00f6sung, die am besten zu Ihrer Familie passt.<\/p>\n\t\t\t\t\t\t\t\t<\/div>\n\t\t\t\t<\/div>\n\t\t\t\t\t<\/div>\n\t\t\t\t<\/div>\n\t\t<div class=\"elementor-element elementor-element-cd19209 e-con-full e-flex e-con e-parent\" data-id=\"cd19209\" data-element_type=\"container\" data-e-type=\"container\">\n\t\t<div class=\"elementor-element elementor-element-e222a6e e-flex e-con-boxed e-con e-child\" data-id=\"e222a6e\" data-element_type=\"container\" data-e-type=\"container\">\n\t\t\t\t\t<div class=\"e-con-inner\">\n\t\t\t\t<div class=\"elementor-element elementor-element-0677ea5 elementor-grid-3 elementor-grid-tablet-2 elementor-grid-mobile-1 elementor-widget elementor-widget-loop-grid\" data-id=\"0677ea5\" data-element_type=\"widget\" data-e-type=\"widget\" data-settings=\"{&quot;template_id&quot;:9940,&quot;pagination_type&quot;:&quot;numbers&quot;,&quot;row_gap&quot;:{&quot;unit&quot;:&quot;px&quot;,&quot;size&quot;:15,&quot;sizes&quot;:[]},&quot;pagination_load_type&quot;:&quot;ajax&quot;,&quot;columns&quot;:3,&quot;_skin&quot;:&quot;post&quot;,&quot;columns_tablet&quot;:&quot;2&quot;,&quot;columns_mobile&quot;:&quot;1&quot;,&quot;edit_handle_selector&quot;:&quot;[data-elementor-type=\\&quot;loop-item\\&quot;]&quot;,&quot;row_gap_tablet&quot;:{&quot;unit&quot;:&quot;px&quot;,&quot;size&quot;:&quot;&quot;,&quot;sizes&quot;:[]},&quot;row_gap_mobile&quot;:{&quot;unit&quot;:&quot;px&quot;,&quot;size&quot;:&quot;&quot;,&quot;sizes&quot;:[]}}\" data-widget_type=\"loop-grid.post\">\n\t\t\t\t<div class=\"elementor-widget-container\">\n\t\t\t\t\t\t\t<div class=\"e-loop-nothing-found-message\">\n\t\t<\/div>\n\t\t\t\t\t\t<\/div>\n\t\t\t\t<\/div>\n\t\t\t\t\t<\/div>\n\t\t\t\t<\/div>\n\t\t\t\t<\/div>\n\t\t\t\t<\/div>\n\t\t","protected":false},"excerpt":{"rendered":"<p>Angebote Alle unsere Angebote speziell f\u00fcr Sie zusammengestellt Buch Anfrage Nur f\u00fcr Online-Buchungen Exklusiv: Pakete, Aktionen und Sonderangebote! Entdecken Sie unsere Angebote, die Ihnen die optimale Balance zwischen Qualit\u00e4t und Komfort bieten. Spezielle Pakete, saisonale Aktionen und exklusive Vorteile erm\u00f6glichen Ihnen einen noch entspannteren Aufenthalt im Salinello Village. W\u00e4hlen Sie die L\u00f6sung, die am besten [&hellip;]<\/p>\n","protected":false},"author":1,"featured_media":0,"parent":0,"menu_order":0,"comment_status":"closed","ping_status":"closed","template":"","meta":{"_acf_changed":false,"footnotes":""},"class_list":["post-10021","page","type-page","status-publish","hentry"],"acf":[],"yoast_head":"<!-- This site is optimized with the Yoast SEO plugin v27.5 - https:\/\/yoast.com\/product\/yoast-seo-wordpress\/ -->\n<title>All-inclusive-Angebote am Meer in den Abruzzen | Feriendorf Salinello<\/title>\n<meta name=\"description\" content=\"Villaggio Salinello bietet eine Vielzahl von Strandurlaubspaketen in den Abruzzen an, die speziell auf Familien und Gruppen zugeschnitten sind, die einen wirklich erholsamen Urlaub suchen.\" \/>\n<meta name=\"robots\" content=\"index, follow, max-snippet:-1, max-image-preview:large, max-video-preview:-1\" \/>\n<link rel=\"canonical\" href=\"https:\/\/salinello.beesoft.it\/offerte-abruzzo-all-inclusive\/\" \/>\n<meta property=\"og:locale\" content=\"de_DE\" \/>\n<meta property=\"og:type\" content=\"article\" \/>\n<meta property=\"og:title\" content=\"All-inclusive-Angebote am Meer in den Abruzzen | Feriendorf Salinello\" \/>\n<meta property=\"og:description\" content=\"Villaggio Salinello bietet eine Vielzahl von Strandurlaubspaketen in den Abruzzen an, die speziell auf Familien und Gruppen zugeschnitten sind, die einen wirklich erholsamen Urlaub suchen.\" \/>\n<meta property=\"og:url\" content=\"https:\/\/salinello.beesoft.it\/offerte-abruzzo-all-inclusive\/\" \/>\n<meta property=\"og:site_name\" content=\"Feriendorf Salinello\" \/>\n<meta property=\"article:modified_time\" content=\"2026-04-28T09:25:15+00:00\" \/>\n<meta name=\"twitter:card\" content=\"summary_large_image\" \/>\n<script type=\"application\/ld+json\" class=\"yoast-schema-graph\">{\"@context\":\"https:\\\/\\\/schema.org\",\"@graph\":[{\"@type\":\"WebPage\",\"@id\":\"https:\\\/\\\/salinello.beesoft.it\\\/offerte-abruzzo-all-inclusive\\\/\",\"url\":\"https:\\\/\\\/salinello.beesoft.it\\\/offerte-abruzzo-all-inclusive\\\/\",\"name\":\"All-inclusive-Angebote am Meer in den Abruzzen | Feriendorf Salinello\",\"isPartOf\":{\"@id\":\"https:\\\/\\\/salinello.beesoft.it\\\/#website\"},\"datePublished\":\"2026-04-15T12:03:33+00:00\",\"dateModified\":\"2026-04-28T09:25:15+00:00\",\"description\":\"Villaggio Salinello bietet eine Vielzahl von Strandurlaubspaketen in den Abruzzen an, die speziell auf Familien und Gruppen zugeschnitten sind, die einen wirklich erholsamen Urlaub suchen.\",\"inLanguage\":\"de\",\"potentialAction\":[{\"@type\":\"ReadAction\",\"target\":[\"https:\\\/\\\/salinello.beesoft.it\\\/offerte-abruzzo-all-inclusive\\\/\"]}]},{\"@type\":\"WebSite\",\"@id\":\"https:\\\/\\\/salinello.beesoft.it\\\/#website\",\"url\":\"https:\\\/\\\/salinello.beesoft.it\\\/\",\"name\":\"Feriendorf Salinello\",\"description\":\"Villaggi Turistici Abruzzo - Salinello.it\",\"potentialAction\":[{\"@type\":\"SearchAction\",\"target\":{\"@type\":\"EntryPoint\",\"urlTemplate\":\"https:\\\/\\\/salinello.beesoft.it\\\/?s={search_term_string}\"},\"query-input\":{\"@type\":\"PropertyValueSpecification\",\"valueRequired\":true,\"valueName\":\"search_term_string\"}}],\"inLanguage\":\"de\"}]}<\/script>\n<!-- \/ Yoast SEO plugin. -->","yoast_head_json":{"title":"All-inclusive-Angebote am Meer in den Abruzzen | Feriendorf Salinello","description":"Villaggio Salinello bietet eine Vielzahl von Strandurlaubspaketen in den Abruzzen an, die speziell auf Familien und Gruppen zugeschnitten sind, die einen wirklich erholsamen Urlaub suchen.","robots":{"index":"index","follow":"follow","max-snippet":"max-snippet:-1","max-image-preview":"max-image-preview:large","max-video-preview":"max-video-preview:-1"},"canonical":"https:\/\/salinello.beesoft.it\/offerte-abruzzo-all-inclusive\/","og_locale":"de_DE","og_type":"article","og_title":"All-inclusive-Angebote am Meer in den Abruzzen | Feriendorf Salinello","og_description":"Villaggio Salinello bietet eine Vielzahl von Strandurlaubspaketen in den Abruzzen an, die speziell auf Familien und Gruppen zugeschnitten sind, die einen wirklich erholsamen Urlaub suchen.","og_url":"https:\/\/salinello.beesoft.it\/offerte-abruzzo-all-inclusive\/","og_site_name":"Feriendorf Salinello","article_modified_time":"2026-04-28T09:25:15+00:00","twitter_card":"summary_large_image","schema":{"@context":"https:\/\/schema.org","@graph":[{"@type":"WebPage","@id":"https:\/\/salinello.beesoft.it\/offerte-abruzzo-all-inclusive\/","url":"https:\/\/salinello.beesoft.it\/offerte-abruzzo-all-inclusive\/","name":"All-inclusive-Angebote am Meer in den Abruzzen | Feriendorf Salinello","isPartOf":{"@id":"https:\/\/salinello.beesoft.it\/#website"},"datePublished":"2026-04-15T12:03:33+00:00","dateModified":"2026-04-28T09:25:15+00:00","description":"Villaggio Salinello bietet eine Vielzahl von Strandurlaubspaketen in den Abruzzen an, die speziell auf Familien und Gruppen zugeschnitten sind, die einen wirklich erholsamen Urlaub suchen.","inLanguage":"de","potentialAction":[{"@type":"ReadAction","target":["https:\/\/salinello.beesoft.it\/offerte-abruzzo-all-inclusive\/"]}]},{"@type":"WebSite","@id":"https:\/\/salinello.beesoft.it\/#website","url":"https:\/\/salinello.beesoft.it\/","name":"Feriendorf Salinello","description":"Villaggi Turistici Abruzzo - Salinello.it","potentialAction":[{"@type":"SearchAction","target":{"@type":"EntryPoint","urlTemplate":"https:\/\/salinello.beesoft.it\/?s={search_term_string}"},"query-input":{"@type":"PropertyValueSpecification","valueRequired":true,"valueName":"search_term_string"}}],"inLanguage":"de"}]}},"_links":{"self":[{"href":"https:\/\/salinello.beesoft.it\/de\/wp-json\/wp\/v2\/pages\/10021","targetHints":{"allow":["GET"]}}],"collection":[{"href":"https:\/\/salinello.beesoft.it\/de\/wp-json\/wp\/v2\/pages"}],"about":[{"href":"https:\/\/salinello.beesoft.it\/de\/wp-json\/wp\/v2\/types\/page"}],"author":[{"embeddable":true,"href":"https:\/\/salinello.beesoft.it\/de\/wp-json\/wp\/v2\/users\/1"}],"replies":[{"embeddable":true,"href":"https:\/\/salinello.beesoft.it\/de\/wp-json\/wp\/v2\/comments?post=10021"}],"version-history":[{"count":3,"href":"https:\/\/salinello.beesoft.it\/de\/wp-json\/wp\/v2\/pages\/10021\/revisions"}],"predecessor-version":[{"id":10194,"href":"https:\/\/salinello.beesoft.it\/de\/wp-json\/wp\/v2\/pages\/10021\/revisions\/10194"}],"wp:attachment":[{"href":"https:\/\/salinello.beesoft.it\/de\/wp-json\/wp\/v2\/media?parent=10021"}],"curies":[{"name":"wp","href":"https:\/\/api.w.org\/{rel}","templated":true}]}}